{"id":22364,"date":"2025-04-08T12:02:26","date_gmt":"2025-04-08T10:02:26","guid":{"rendered":"https:\/\/www.croccochips.com\/?page_id=22364"},"modified":"2025-04-08T17:10:50","modified_gmt":"2025-04-08T15:10:50","slug":"termini-di-consegna","status":"publish","type":"page","link":"https:\/\/www.croccochips.com\/it\/termini-di-consegna\/","title":{"rendered":"Termini di consegna e spedizione"},"content":{"rendered":"\r\n<div>\r\n<p><strong>\u2013 Spedizione e consegna:<\/strong>\u00a0il Fornitore provveder\u00e0 a recapitare ai Clienti, all\u2019indirizzo specificato al momento dell\u2019ordine, i prodotti selezionati ed ordinati, con le modalit\u00e0 di cui al presente articolo, mediante corrieri e\/o spedizionieri di fiducia (NOMI CORRIERI).<br \/>Il contratto si perfeziona con la consegna del bene da parte del Fornitore al corriere. Per questo, il Fornitore non sar\u00e0 responsabile in caso di mancata o ritardata consegna ne di danneggiamento totale o parziale della merce medesima. Sar\u00e0 responsabile unicamente il corriere che ha effettuato la spedizione.<\/p>\r\n<\/div>\r\n<div>\r\n<p><strong>\u2013 Al momento della consegna<\/strong>\u00a0della merce da parte del corriere, il Cliente \u00e8 tenuto a controllare: che la quantit\u00e0 della merce ordinata corrisponda a quanto indicato nell\u2019ordine; che l\u2019imballo risulti integro, non danneggiato, ne bagnato o alterato anche nei materiali di chiusura. Eventuali danni devono essere immediatamente contestati al corriere che effettua la consegna.<br \/>Una volta firmato il documento del corriere, il Cliente non potr\u00e0 opporre alcuna contestazione circa le caratteristiche esteriori di quanto consegnato.<\/p>\r\n<\/div>\r\n<div>\r\n<p><strong>\u2013 Tempi di recapito:<\/strong>\u00a0lo spedizioniere s\u2019impegna a consegnare la merce nei cinque giorni successivi a quello di spedizione, nel territorio italiano; mentre, per le spedizioni effettuate all\u2019estero i tempi sono differenziati in rapporto alla distanza. I tempi di consegna non supereranno mai quelli previsti dall\u2019art. 6 del D. Lgs. 185\/99 (30 giorni dalla data dell\u2019ordine e\/o dalla ricezione d\u2019avvenuto pagamento se disponibile a magazzino). I predetti termini di consegna si riferiscono ai prodotti presenti nel magazzino al momento dell\u2019ordine.<\/p>\r\n<\/div>\r\n<div>\r\n<p><strong>\u2013 Ritardi nella consegna:<\/strong>\u00a0eventuali ritardi della consegna della merce non potranno essere imputati ne imputabili al Fornitore. Ne, in alcun modo, il Fornitore pu\u00f2 essere responsabile per i danni causati dal Corriere, in relazione alla ritardata consegna della merce, al cliente o a terzi, intendendosi il contratto perfezionato con la consegna del bene al corriere.<\/p>\r\n<\/div>\r\n<div>\r\n<p><strong>\u2013 Mancata consegna:<\/strong>\u00a0qualora il Corriere consegnando la merce non trovi alcuno al recapito specificato, provvederanno a depositare la merce nel magazzino indicato nel cartoncino che verr\u00e0 lasciato sul posto. Dopo trenta giorni di giacenza la merce verr\u00e0 rispedita al Fornitore ed il Cliente non potr\u00e0 far valere alcun diritto. Tutte le spese, dirette ed indirette, saranno interamente a carico del Cliente.<br \/>Il Fornitore tratterr\u00e0 il pagamento della merce a titolo di penale, oltre agli eventuali maggior danni subiti.<br \/>Qualora il Cliente richiedesse al Fornitore di riavere i prodotti ordinati e pagati, oggetto di mancata consegna, dovr\u00e0 farne richiesta immediata alla societ\u00e0 Fornitrice tramite fax o email. Saranno a suo carico tutte le spese, oltre al maggior danno subito dal Fornitore.<\/p>\r\n<\/div>\r\n<div>\r\n<p><strong>\u2013 Spese di consegna e di imballaggio:<\/strong>\u00a0sono esplicitate chiaramente e separatamente dal prezzo del bene o del servizio, in sede di effettuazione dell\u2019ordine, come gi\u00e0 previsto al succitato art. 3.<\/p>\r\n<\/div>\r\n<div>\r\n<p><strong>\u2013 Scontrino Fiscale \/ Fattura:<\/strong>\u00a0per ogni ordine effettuato sul sito\u00a0, il Fornitore emetter\u00e0 scontrino fiscale e\/o fattura che riporta il prezzo di tutti gli articoli che verr\u00e0 inserito all\u2019interno del pacco. Per l\u2019emissione della fattura, fanno fede eventuali richieste ed informazioni fornite dal Cliente all\u2019atto dell\u2019ordine.<\/p>\r\n<\/div>\r\n<div>\r\n<p><strong>\u2013 La mancata corrispondenza<\/strong>\u00a0della merce ordinata con quella consegnata dovr\u00e0 essere tempestivamente comunicata al Fornitore.<\/p>\r\n<\/div>\r\n","protected":false},"excerpt":{"rendered":"<p>\u2013 Spedizione e consegna:\u00a0il Fornitore provveder\u00e0 a recapitare ai Clienti, all\u2019indirizzo specificato al momento dell\u2019ordine, i prodotti selezionati ed ordinati, con le modalit\u00e0 di cui al presente articolo, mediante corrieri e\/o spedizionieri di fiducia (NOMI CORRIERI).Il contratto si perfeziona con la consegna del bene da parte del Fornitore al corriere. Per questo, il Fornitore non [&hellip;]<\/p>\n","protected":false},"author":1,"featured_media":0,"parent":0,"menu_order":0,"comment_status":"closed","ping_status":"closed","template":"","meta":{"_et_pb_use_builder":"","_et_pb_old_content":"","_et_gb_content_width":"","footnotes":""},"class_list":["post-22364","page","type-page","status-publish","hentry"],"yoast_head":"<!-- This site is optimized with the Yoast SEO plugin v26.8 - https:\/\/yoast.com\/product\/yoast-seo-wordpress\/ -->\n<title>Termini di consegna e spedizione - Crocco Chips<\/title>\n<meta name=\"robots\" content=\"index, follow, max-snippet:-1, max-image-preview:large, max-video-preview:-1\" \/>\n<link rel=\"canonical\" href=\"https:\/\/www.croccochips.com\/it\/termini-di-consegna\/\" \/>\n<meta property=\"og:locale\" content=\"it_IT\" \/>\n<meta property=\"og:type\" content=\"article\" \/>\n<meta property=\"og:title\" content=\"Termini di consegna e spedizione - Crocco Chips\" \/>\n<meta property=\"og:description\" content=\"\u2013 Spedizione e consegna:\u00a0il Fornitore provveder\u00e0 a recapitare ai Clienti, all\u2019indirizzo specificato al momento dell\u2019ordine, i prodotti selezionati ed ordinati, con le modalit\u00e0 di cui al presente articolo, mediante corrieri e\/o spedizionieri di fiducia (NOMI CORRIERI).Il contratto si perfeziona con la consegna del bene da parte del Fornitore al corriere. Per questo, il Fornitore non [&hellip;]\" \/>\n<meta property=\"og:url\" content=\"https:\/\/www.croccochips.com\/it\/termini-di-consegna\/\" \/>\n<meta property=\"og:site_name\" content=\"Crocco Chips\" \/>\n<meta property=\"article:publisher\" content=\"https:\/\/www.facebook.com\/profile.php?id=61568079972648\" \/>\n<meta property=\"article:modified_time\" content=\"2025-04-08T15:10:50+00:00\" \/>\n<meta name=\"twitter:card\" content=\"summary_large_image\" \/>\n<meta name=\"twitter:label1\" content=\"Tempo di lettura stimato\" \/>\n\t<meta name=\"twitter:data1\" content=\"3 minuti\" \/>\n<script type=\"application\/ld+json\" class=\"yoast-schema-graph\">{\"@context\":\"https:\/\/schema.org\",\"@graph\":[{\"@type\":\"WebPage\",\"@id\":\"https:\/\/www.croccochips.com\/it\/termini-di-consegna\/\",\"url\":\"https:\/\/www.croccochips.com\/it\/termini-di-consegna\/\",\"name\":\"Termini di consegna e spedizione - Crocco Chips\",\"isPartOf\":{\"@id\":\"https:\/\/www.croccochips.com\/it\/#website\"},\"datePublished\":\"2025-04-08T10:02:26+00:00\",\"dateModified\":\"2025-04-08T15:10:50+00:00\",\"breadcrumb\":{\"@id\":\"https:\/\/www.croccochips.com\/it\/termini-di-consegna\/#breadcrumb\"},\"inLanguage\":\"it-IT\",\"potentialAction\":[{\"@type\":\"ReadAction\",\"target\":[\"https:\/\/www.croccochips.com\/it\/termini-di-consegna\/\"]}]},{\"@type\":\"BreadcrumbList\",\"@id\":\"https:\/\/www.croccochips.com\/it\/termini-di-consegna\/#breadcrumb\",\"itemListElement\":[{\"@type\":\"ListItem\",\"position\":1,\"name\":\"Home\",\"item\":\"https:\/\/www.croccochips.com\/it\/\"},{\"@type\":\"ListItem\",\"position\":2,\"name\":\"Termini di consegna e spedizione\"}]},{\"@type\":\"WebSite\",\"@id\":\"https:\/\/www.croccochips.com\/it\/#website\",\"url\":\"https:\/\/www.croccochips.com\/it\/\",\"name\":\"Crocco Chips So Sweet So Crunchy\",\"description\":\"So Sweet So Crunchy\",\"publisher\":{\"@id\":\"https:\/\/www.croccochips.com\/it\/#organization\"},\"potentialAction\":[{\"@type\":\"SearchAction\",\"target\":{\"@type\":\"EntryPoint\",\"urlTemplate\":\"https:\/\/www.croccochips.com\/it\/?s={search_term_string}\"},\"query-input\":{\"@type\":\"PropertyValueSpecification\",\"valueRequired\":true,\"valueName\":\"search_term_string\"}}],\"inLanguage\":\"it-IT\"},{\"@type\":\"Organization\",\"@id\":\"https:\/\/www.croccochips.com\/it\/#organization\",\"name\":\"Crocco Chips So Sweet So Crunchy\",\"url\":\"https:\/\/www.croccochips.com\/it\/\",\"logo\":{\"@type\":\"ImageObject\",\"inLanguage\":\"it-IT\",\"@id\":\"https:\/\/www.croccochips.com\/it\/#\/schema\/logo\/image\/\",\"url\":\"https:\/\/www.croccochips.com\/wp-content\/uploads\/2024\/09\/Logo_web_Crocco_Chips.png\",\"contentUrl\":\"https:\/\/www.croccochips.com\/wp-content\/uploads\/2024\/09\/Logo_web_Crocco_Chips.png\",\"width\":700,\"height\":512,\"caption\":\"Crocco Chips So Sweet So Crunchy\"},\"image\":{\"@id\":\"https:\/\/www.croccochips.com\/it\/#\/schema\/logo\/image\/\"},\"sameAs\":[\"https:\/\/www.facebook.com\/profile.php?id=61568079972648\",\"https:\/\/www.instagram.com\/croccochips\/\"]}]}<\/script>\n<!-- \/ Yoast SEO plugin. -->","yoast_head_json":{"title":"Termini di consegna e spedizione - Crocco Chips","robots":{"index":"index","follow":"follow","max-snippet":"max-snippet:-1","max-image-preview":"max-image-preview:large","max-video-preview":"max-video-preview:-1"},"canonical":"https:\/\/www.croccochips.com\/it\/termini-di-consegna\/","og_locale":"it_IT","og_type":"article","og_title":"Termini di consegna e spedizione - Crocco Chips","og_description":"\u2013 Spedizione e consegna:\u00a0il Fornitore provveder\u00e0 a recapitare ai Clienti, all\u2019indirizzo specificato al momento dell\u2019ordine, i prodotti selezionati ed ordinati, con le modalit\u00e0 di cui al presente articolo, mediante corrieri e\/o spedizionieri di fiducia (NOMI CORRIERI).Il contratto si perfeziona con la consegna del bene da parte del Fornitore al corriere. Per questo, il Fornitore non [&hellip;]","og_url":"https:\/\/www.croccochips.com\/it\/termini-di-consegna\/","og_site_name":"Crocco Chips","article_publisher":"https:\/\/www.facebook.com\/profile.php?id=61568079972648","article_modified_time":"2025-04-08T15:10:50+00:00","twitter_card":"summary_large_image","twitter_misc":{"Tempo di lettura stimato":"3 minuti"},"schema":{"@context":"https:\/\/schema.org","@graph":[{"@type":"WebPage","@id":"https:\/\/www.croccochips.com\/it\/termini-di-consegna\/","url":"https:\/\/www.croccochips.com\/it\/termini-di-consegna\/","name":"Termini di consegna e spedizione - Crocco Chips","isPartOf":{"@id":"https:\/\/www.croccochips.com\/it\/#website"},"datePublished":"2025-04-08T10:02:26+00:00","dateModified":"2025-04-08T15:10:50+00:00","breadcrumb":{"@id":"https:\/\/www.croccochips.com\/it\/termini-di-consegna\/#breadcrumb"},"inLanguage":"it-IT","potentialAction":[{"@type":"ReadAction","target":["https:\/\/www.croccochips.com\/it\/termini-di-consegna\/"]}]},{"@type":"BreadcrumbList","@id":"https:\/\/www.croccochips.com\/it\/termini-di-consegna\/#breadcrumb","itemListElement":[{"@type":"ListItem","position":1,"name":"Home","item":"https:\/\/www.croccochips.com\/it\/"},{"@type":"ListItem","position":2,"name":"Termini di consegna e spedizione"}]},{"@type":"WebSite","@id":"https:\/\/www.croccochips.com\/it\/#website","url":"https:\/\/www.croccochips.com\/it\/","name":"Crocco Chips So Sweet So Crunchy","description":"So Sweet So Crunchy","publisher":{"@id":"https:\/\/www.croccochips.com\/it\/#organization"},"potentialAction":[{"@type":"SearchAction","target":{"@type":"EntryPoint","urlTemplate":"https:\/\/www.croccochips.com\/it\/?s={search_term_string}"},"query-input":{"@type":"PropertyValueSpecification","valueRequired":true,"valueName":"search_term_string"}}],"inLanguage":"it-IT"},{"@type":"Organization","@id":"https:\/\/www.croccochips.com\/it\/#organization","name":"Crocco Chips So Sweet So Crunchy","url":"https:\/\/www.croccochips.com\/it\/","logo":{"@type":"ImageObject","inLanguage":"it-IT","@id":"https:\/\/www.croccochips.com\/it\/#\/schema\/logo\/image\/","url":"https:\/\/www.croccochips.com\/wp-content\/uploads\/2024\/09\/Logo_web_Crocco_Chips.png","contentUrl":"https:\/\/www.croccochips.com\/wp-content\/uploads\/2024\/09\/Logo_web_Crocco_Chips.png","width":700,"height":512,"caption":"Crocco Chips So Sweet So Crunchy"},"image":{"@id":"https:\/\/www.croccochips.com\/it\/#\/schema\/logo\/image\/"},"sameAs":["https:\/\/www.facebook.com\/profile.php?id=61568079972648","https:\/\/www.instagram.com\/croccochips\/"]}]}},"_links":{"self":[{"href":"https:\/\/www.croccochips.com\/it\/wp-json\/wp\/v2\/pages\/22364","targetHints":{"allow":["GET"]}}],"collection":[{"href":"https:\/\/www.croccochips.com\/it\/wp-json\/wp\/v2\/pages"}],"about":[{"href":"https:\/\/www.croccochips.com\/it\/wp-json\/wp\/v2\/types\/page"}],"author":[{"embeddable":true,"href":"https:\/\/www.croccochips.com\/it\/wp-json\/wp\/v2\/users\/1"}],"replies":[{"embeddable":true,"href":"https:\/\/www.croccochips.com\/it\/wp-json\/wp\/v2\/comments?post=22364"}],"version-history":[{"count":1,"href":"https:\/\/www.croccochips.com\/it\/wp-json\/wp\/v2\/pages\/22364\/revisions"}],"predecessor-version":[{"id":22772,"href":"https:\/\/www.croccochips.com\/it\/wp-json\/wp\/v2\/pages\/22364\/revisions\/22772"}],"wp:attachment":[{"href":"https:\/\/www.croccochips.com\/it\/wp-json\/wp\/v2\/media?parent=22364"}],"curies":[{"name":"wp","href":"https:\/\/api.w.org\/{rel}","templated":true}]}}